{"id":2705,"date":"2017-06-21T08:27:06","date_gmt":"2017-06-21T08:27:06","guid":{"rendered":"http:\/\/ld-wp.template-help.com\/wordpress_62555\/handyman-sample\/?page_id=2705"},"modified":"2026-02-11T09:32:56","modified_gmt":"2026-02-11T07:32:56","slug":"karjera","status":"publish","type":"page","link":"https:\/\/varutis.lt\/en\/karjera\/","title":{"rendered":"Career"},"content":{"rendered":"<div data-elementor-type=\"wp-page\" data-elementor-id=\"2705\" class=\"elementor elementor-2705\" data-elementor-settings=\"[]\">\n\t\t\t\t\t\t<div class=\"elementor-inner\">\n\t\t\t\t\t\t\t<div class=\"elementor-section-wrap\">\n\t\t\t\t\t\t\t<section class=\"elementor-section elementor-top-section elementor-element elementor-element-n7dj27s elementor-section-boxed elementor-section-height-default elementor-section-height-default\" data-id=\"n7dj27s\" data-element_type=\"section\" data-settings=\"{&quot;background_background&quot;:&quot;classic&quot;}\">\n\t\t\t\t\t\t\t<div class=\"elementor-background-overlay\"><\/div>\n\t\t\t\t\t\t\t<div class=\"elementor-container elementor-column-gap-default\">\n\t\t\t\t\t\t\t<div class=\"elementor-row\">\n\t\t\t\t\t<div class=\"elementor-column elementor-col-100 elementor-top-column elementor-element elementor-element-0jzygr0\" data-id=\"0jzygr0\" data-element_type=\"column\">\n\t\t\t<div class=\"elementor-column-wrap elementor-element-populated\">\n\t\t\t\t\t\t\t<div class=\"elementor-widget-wrap\">\n\t\t\t\t\t\t<div class=\"elementor-element elementor-element-ip6qpj5 elementor-widget elementor-widget-heading\" data-id=\"ip6qpj5\" data-element_type=\"widget\" data-widget_type=\"heading.default\">\n\t\t\t\t<div class=\"elementor-widget-container\">\n\t\t\t<h3 class=\"elementor-heading-title elementor-size-default\">Kvie\u010diame prisijungti prie \u201eVarutis\u201c komandos! <\/h3>\t\t<\/div>\n\t\t\t\t<\/div>\n\t\t\t\t<div class=\"elementor-element elementor-element-f0hx6rd elementor-widget elementor-widget-spacer\" data-id=\"f0hx6rd\" data-element_type=\"widget\" data-widget_type=\"spacer.default\">\n\t\t\t\t<div class=\"elementor-widget-container\">\n\t\t\t\t\t<div class=\"elementor-spacer\">\n\t\t\t<div class=\"elementor-spacer-inner\"><\/div>\n\t\t<\/div>\n\t\t\t\t<\/div>\n\t\t\t\t<\/div>\n\t\t\t\t<div class=\"elementor-element elementor-element-swv2i09 elementor-widget elementor-widget-spacer\" data-id=\"swv2i09\" data-element_type=\"widget\" data-widget_type=\"spacer.default\">\n\t\t\t\t<div class=\"elementor-widget-container\">\n\t\t\t\t\t<div class=\"elementor-spacer\">\n\t\t\t<div class=\"elementor-spacer-inner\"><\/div>\n\t\t<\/div>\n\t\t\t\t<\/div>\n\t\t\t\t<\/div>\n\t\t\t\t<div class=\"elementor-element elementor-element-8f25785 elementor-widget elementor-widget-heading\" data-id=\"8f25785\" data-element_type=\"widget\" data-widget_type=\"heading.default\">\n\t\t\t\t<div class=\"elementor-widget-container\">\n\t\t\t<h5 class=\"elementor-heading-title elementor-size-default\">\u0160iuo metu ie\u0161kome:<\/h5>\t\t<\/div>\n\t\t\t\t<\/div>\n\t\t\t\t<div class=\"elementor-element elementor-element-9e54877 elementor-widget elementor-widget-spacer\" data-id=\"9e54877\" data-element_type=\"widget\" data-widget_type=\"spacer.default\">\n\t\t\t\t<div class=\"elementor-widget-container\">\n\t\t\t\t\t<div class=\"elementor-spacer\">\n\t\t\t<div class=\"elementor-spacer-inner\"><\/div>\n\t\t<\/div>\n\t\t\t\t<\/div>\n\t\t\t\t<\/div>\n\t\t\t\t<div class=\"elementor-element elementor-element-142191b elementor-widget elementor-widget-heading\" data-id=\"142191b\" data-element_type=\"widget\" data-widget_type=\"heading.default\">\n\t\t\t\t<div class=\"elementor-widget-container\">\n\t\t\t<h5 class=\"elementor-heading-title elementor-size-default\">U\u017epildykite \u017eemiau pateikt\u0105 kontakt\u0173 form\u0105 ir mes susisieksime<\/h5>\t\t<\/div>\n\t\t\t\t<\/div>\n\t\t\t\t<div class=\"elementor-element elementor-element-119d251 elementor-widget elementor-widget-text-editor\" data-id=\"119d251\" data-element_type=\"widget\" data-widget_type=\"text-editor.default\">\n\t\t\t\t<div class=\"elementor-widget-container\">\n\t\t\t\t\t<div class=\"elementor-text-editor elementor-clearfix\"><p><div class=\"wpforms-container wpforms-container-full\" id=\"wpforms-5037\"><form id=\"wpforms-form-5037\" class=\"wpforms-validate wpforms-form\" data-formid=\"5037\" method=\"post\" enctype=\"multipart\/form-data\" action=\"\/en\/wp-json\/wp\/v2\/pages\/2705\" data-token=\"4f555e5e1b203676e19c1c39f76602bd\" data-token-time=\"1777279014\" data-trp-original-action=\"\/en\/wp-json\/wp\/v2\/pages\/2705\"><noscript class=\"wpforms-error-noscript\">Please enable JavaScript in your browser to complete this form.<\/noscript><div class=\"wpforms-field-container\"><div id=\"wpforms-5037-field_5-container\" class=\"wpforms-field wpforms-field-text wpforms-one-half wpforms-first\" data-field-id=\"5\"><label class=\"wpforms-field-label wpforms-label-hide\" for=\"wpforms-5037-field_5\">Vardas: <span class=\"wpforms-required-label\">*<\/span><\/label><input type=\"text\" id=\"wpforms-5037-field_5\" class=\"wpforms-field-large wpforms-field-required\" name=\"wpforms[fields][5]\" placeholder=\"J\u016bs\u0173 vardas\" required><\/div><div id=\"wpforms-5037-field_1-container\" class=\"wpforms-field wpforms-field-email wpforms-one-half\" data-field-id=\"1\"><label class=\"wpforms-field-label wpforms-label-hide\" for=\"wpforms-5037-field_1\">El. pa\u0161tas: <span class=\"wpforms-required-label\">*<\/span><\/label><input type=\"email\" id=\"wpforms-5037-field_1\" class=\"wpforms-field-large wpforms-field-required\" name=\"wpforms[fields][1]\" placeholder=\"J\u016bs\u0173 el. pa\u0161tas\" spellcheck=\"false\" required><\/div><div id=\"wpforms-5037-field_6-container\" class=\"wpforms-field wpforms-field-text\" data-field-id=\"6\"><label class=\"wpforms-field-label wpforms-label-hide\" for=\"wpforms-5037-field_6\">Telefono nr.: <span class=\"wpforms-required-label\">*<\/span><\/label><input type=\"text\" id=\"wpforms-5037-field_6\" class=\"wpforms-field-large wpforms-field-required wpforms-masked-input\" data-rule-inputmask-incomplete=\"1\" data-inputmask-mask=\"+370 999 99999\" name=\"wpforms[fields][6]\" placeholder=\"Telefono nr.\" required><\/div><div id=\"wpforms-5037-field_2-container\" class=\"wpforms-field wpforms-field-textarea\" data-field-id=\"2\"><label class=\"wpforms-field-label wpforms-label-hide\" for=\"wpforms-5037-field_2\">\u017dinut\u0117: <span class=\"wpforms-required-label\">*<\/span><\/label><textarea id=\"wpforms-5037-field_2\" class=\"wpforms-field-medium wpforms-field-required\" name=\"wpforms[fields][2]\" placeholder=\"\u017dinut\u0117\" required><\/textarea><\/div><\/div><!-- .wpforms-field-container --><div class=\"wpforms-field wpforms-field-hp\"><label for=\"wpforms-5037-field-hp\" class=\"wpforms-field-label\">Website<\/label><input type=\"text\" name=\"wpforms[hp]\" id=\"wpforms-5037-field-hp\" class=\"wpforms-field-medium\"><\/div><div class=\"wpforms-submit-container\" ><input type=\"hidden\" name=\"wpforms[id]\" value=\"5037\"><input type=\"hidden\" name=\"page_title\" value=\"\"><input type=\"hidden\" name=\"page_url\" value=\"https:\/\/varutis.lt\/en\/wp-json\/wp\/v2\/pages\/2705\"><button type=\"submit\" name=\"wpforms[submit]\" id=\"wpforms-submit-5037\" class=\"wpforms-submit\" data-alt-text=\"J\u016bs\u0173 \u017einut\u0117 siun\u010diama...\" data-submit-text=\"SI\u0172STI\" aria-live=\"assertive\" value=\"wpforms-submit\">SI\u0172STI<\/button><\/div><input type=\"hidden\" name=\"trp-form-language\" value=\"en\"\/><\/form><\/div>  <!-- .wpforms-container --><\/p><\/div>\n\t\t\t\t<\/div>\n\t\t\t\t<\/div>\n\t\t\t\t\t\t<\/div>\n\t\t\t\t\t<\/div>\n\t\t<\/div>\n\t\t\t\t\t\t\t\t<\/div>\n\t\t\t\t\t<\/div>\n\t\t<\/section>\n\t\t\t\t\t\t<\/div>\n\t\t\t\t\t\t<\/div>\n\t\t\t\t\t<\/div>","protected":false},"excerpt":{"rendered":"<p>Kvie\u010diame prisijungti prie \u201eVarutis\u201c komandos! \u0160iuo metu ie\u0161kome: U\u017epildykite \u017eemiau pateikt\u0105 kontakt\u0173 form\u0105 ir mes susisieksime<\/p>","protected":false},"author":1,"featured_media":0,"parent":0,"menu_order":0,"comment_status":"closed","ping_status":"closed","template":"","meta":[],"_links":{"self":[{"href":"https:\/\/varutis.lt\/en\/wp-json\/wp\/v2\/pages\/2705"}],"collection":[{"href":"https:\/\/varutis.lt\/en\/wp-json\/wp\/v2\/pages"}],"about":[{"href":"https:\/\/varutis.lt\/en\/wp-json\/wp\/v2\/types\/page"}],"author":[{"embeddable":true,"href":"https:\/\/varutis.lt\/en\/wp-json\/wp\/v2\/users\/1"}],"replies":[{"embeddable":true,"href":"https:\/\/varutis.lt\/en\/wp-json\/wp\/v2\/comments?post=2705"}],"version-history":[{"count":27,"href":"https:\/\/varutis.lt\/en\/wp-json\/wp\/v2\/pages\/2705\/revisions"}],"predecessor-version":[{"id":5274,"href":"https:\/\/varutis.lt\/en\/wp-json\/wp\/v2\/pages\/2705\/revisions\/5274"}],"wp:attachment":[{"href":"https:\/\/varutis.lt\/en\/wp-json\/wp\/v2\/media?parent=2705"}],"curies":[{"name":"wp","href":"https:\/\/api.w.org\/{rel}","templated":true}]}}